{"id":14,"date":"2025-08-02T10:11:14","date_gmt":"2025-08-02T08:11:14","guid":{"rendered":"https:\/\/valynison.wordpress.com\/?page_id=14"},"modified":"2026-02-04T16:22:58","modified_gmt":"2026-02-04T16:22:58","slug":"accueil","status":"publish","type":"page","link":"https:\/\/valynison.fr\/index.php\/accueil\/","title":{"rendered":""},"content":{"rendered":"\n<p>Le mercredi apr\u00e8s-midi et le samedi je serai heureuse de vous apporter un moment de d\u00e9tente physique ET mentale gr\u00e2ce aux vibrations et aux sons de mes bols et autres instruments&#8230;<\/p>\n\n\n\n<hr class=\"wp-block-separator has-alpha-channel-opacity\" \/>\n\n\n\n<figure class=\"wp-block-image size-large\"><img loading=\"lazy\" decoding=\"async\" width=\"1080\" height=\"1080\" src=\"http:\/\/valynison.fr\/wp-content\/uploads\/2026\/01\/vibrations-sonores-et-relaxation-profonde.png?w=1024\" alt=\"\" class=\"wp-image-138\" srcset=\"https:\/\/valynison.fr\/wp-content\/uploads\/2026\/01\/vibrations-sonores-et-relaxation-profonde.png 1080w, https:\/\/valynison.fr\/wp-content\/uploads\/2026\/01\/vibrations-sonores-et-relaxation-profonde-300x300.png 300w, https:\/\/valynison.fr\/wp-content\/uploads\/2026\/01\/vibrations-sonores-et-relaxation-profonde-1024x1024.png 1024w, https:\/\/valynison.fr\/wp-content\/uploads\/2026\/01\/vibrations-sonores-et-relaxation-profonde-150x150.png 150w, https:\/\/valynison.fr\/wp-content\/uploads\/2026\/01\/vibrations-sonores-et-relaxation-profonde-768x768.png 768w\" sizes=\"auto, (max-width: 1080px) 100vw, 1080px\" \/><\/figure>\n\n\n\n<hr class=\"wp-block-separator has-alpha-channel-opacity\" \/>\n\n\n\n<figure class=\"wp-block-image size-large\"><img loading=\"lazy\" decoding=\"async\" width=\"1080\" height=\"1080\" src=\"http:\/\/valynison.fr\/wp-content\/uploads\/2026\/01\/amelioration-de-la-sante-globale.png?w=1024\" alt=\"\" class=\"wp-image-134\" srcset=\"https:\/\/valynison.fr\/wp-content\/uploads\/2026\/01\/amelioration-de-la-sante-globale.png 1080w, https:\/\/valynison.fr\/wp-content\/uploads\/2026\/01\/amelioration-de-la-sante-globale-300x300.png 300w, https:\/\/valynison.fr\/wp-content\/uploads\/2026\/01\/amelioration-de-la-sante-globale-1024x1024.png 1024w, https:\/\/valynison.fr\/wp-content\/uploads\/2026\/01\/amelioration-de-la-sante-globale-150x150.png 150w, https:\/\/valynison.fr\/wp-content\/uploads\/2026\/01\/amelioration-de-la-sante-globale-768x768.png 768w\" sizes=\"auto, (max-width: 1080px) 100vw, 1080px\" \/><\/figure>\n\n\n\n<figure class=\"wp-block-image size-large\"><img loading=\"lazy\" decoding=\"async\" width=\"1748\" height=\"1240\" src=\"http:\/\/valynison.fr\/wp-content\/uploads\/2026\/01\/voeux.png?w=1024\" alt=\"\" class=\"wp-image-130\" srcset=\"https:\/\/valynison.fr\/wp-content\/uploads\/2026\/01\/voeux.png 1748w, https:\/\/valynison.fr\/wp-content\/uploads\/2026\/01\/voeux-300x213.png 300w, https:\/\/valynison.fr\/wp-content\/uploads\/2026\/01\/voeux-1024x726.png 1024w, https:\/\/valynison.fr\/wp-content\/uploads\/2026\/01\/voeux-768x545.png 768w, https:\/\/valynison.fr\/wp-content\/uploads\/2026\/01\/voeux-1536x1090.png 1536w\" sizes=\"auto, (max-width: 1748px) 100vw, 1748px\" \/><\/figure>\n\n\n\n<figure class=\"wp-block-image size-large\"><img loading=\"lazy\" decoding=\"async\" width=\"1080\" height=\"1080\" src=\"http:\/\/valynison.fr\/wp-content\/uploads\/2025\/09\/bienfaits-physiques-de-la-sonotherapie.png?w=1024\" alt=\"\" class=\"wp-image-59\" srcset=\"https:\/\/valynison.fr\/wp-content\/uploads\/2025\/09\/bienfaits-physiques-de-la-sonotherapie.png 1080w, https:\/\/valynison.fr\/wp-content\/uploads\/2025\/09\/bienfaits-physiques-de-la-sonotherapie-300x300.png 300w, https:\/\/valynison.fr\/wp-content\/uploads\/2025\/09\/bienfaits-physiques-de-la-sonotherapie-1024x1024.png 1024w, https:\/\/valynison.fr\/wp-content\/uploads\/2025\/09\/bienfaits-physiques-de-la-sonotherapie-150x150.png 150w, https:\/\/valynison.fr\/wp-content\/uploads\/2025\/09\/bienfaits-physiques-de-la-sonotherapie-768x768.png 768w\" sizes=\"auto, (max-width: 1080px) 100vw, 1080px\" \/><\/figure>\n\n\n\n<figure class=\"wp-block-gallery has-nested-images columns-default is-cropped wp-block-gallery-1 is-layout-flex wp-block-gallery-is-layout-flex\">\n<figure class=\"wp-block-image size-large\"><img loading=\"lazy\" decoding=\"async\" width=\"1080\" height=\"1080\" data-id=\"94\" src=\"http:\/\/valynison.fr\/wp-content\/uploads\/2025\/10\/fonctionnement.png?w=1024\" alt=\"\" class=\"wp-image-94\" srcset=\"https:\/\/valynison.fr\/wp-content\/uploads\/2025\/10\/fonctionnement.png 1080w, https:\/\/valynison.fr\/wp-content\/uploads\/2025\/10\/fonctionnement-300x300.png 300w, https:\/\/valynison.fr\/wp-content\/uploads\/2025\/10\/fonctionnement-1024x1024.png 1024w, https:\/\/valynison.fr\/wp-content\/uploads\/2025\/10\/fonctionnement-150x150.png 150w, https:\/\/valynison.fr\/wp-content\/uploads\/2025\/10\/fonctionnement-768x768.png 768w\" sizes=\"auto, (max-width: 1080px) 100vw, 1080px\" \/><\/figure>\n<\/figure>\n\n\n\n<p>Et le c\u00f4t\u00e9 blog:<\/p>\n\n\n\n<figure class=\"wp-block-image size-large\"><img loading=\"lazy\" decoding=\"async\" width=\"1080\" height=\"1080\" src=\"http:\/\/valynison.fr\/wp-content\/uploads\/2025\/11\/quest-ce-que-la-sonotherapie-.png?w=1024\" alt=\"\" class=\"wp-image-108\" srcset=\"https:\/\/valynison.fr\/wp-content\/uploads\/2025\/11\/quest-ce-que-la-sonotherapie-.png 1080w, https:\/\/valynison.fr\/wp-content\/uploads\/2025\/11\/quest-ce-que-la-sonotherapie--300x300.png 300w, https:\/\/valynison.fr\/wp-content\/uploads\/2025\/11\/quest-ce-que-la-sonotherapie--1024x1024.png 1024w, https:\/\/valynison.fr\/wp-content\/uploads\/2025\/11\/quest-ce-que-la-sonotherapie--150x150.png 150w, https:\/\/valynison.fr\/wp-content\/uploads\/2025\/11\/quest-ce-que-la-sonotherapie--768x768.png 768w\" sizes=\"auto, (max-width: 1080px) 100vw, 1080px\" \/><\/figure>\n\n\n\n<figure class=\"wp-block-image size-large\"><img loading=\"lazy\" decoding=\"async\" width=\"1080\" height=\"1080\" src=\"http:\/\/valynison.fr\/wp-content\/uploads\/2025\/11\/la-science-des-vibrations-en-sonotherapie.png?w=1024\" alt=\"\" class=\"wp-image-111\" srcset=\"https:\/\/valynison.fr\/wp-content\/uploads\/2025\/11\/la-science-des-vibrations-en-sonotherapie.png 1080w, https:\/\/valynison.fr\/wp-content\/uploads\/2025\/11\/la-science-des-vibrations-en-sonotherapie-300x300.png 300w, https:\/\/valynison.fr\/wp-content\/uploads\/2025\/11\/la-science-des-vibrations-en-sonotherapie-1024x1024.png 1024w, https:\/\/valynison.fr\/wp-content\/uploads\/2025\/11\/la-science-des-vibrations-en-sonotherapie-150x150.png 150w, https:\/\/valynison.fr\/wp-content\/uploads\/2025\/11\/la-science-des-vibrations-en-sonotherapie-768x768.png 768w\" sizes=\"auto, (max-width: 1080px) 100vw, 1080px\" \/><\/figure>\n\n\n\n<p><\/p>\n\n\n\n<figure class=\"wp-block-image size-large\"><img loading=\"lazy\" decoding=\"async\" width=\"1080\" height=\"1080\" src=\"http:\/\/valynison.fr\/wp-content\/uploads\/2025\/11\/les-vibrations-une-langue-universelle.png?w=1024\" alt=\"\" class=\"wp-image-113\" srcset=\"https:\/\/valynison.fr\/wp-content\/uploads\/2025\/11\/les-vibrations-une-langue-universelle.png 1080w, https:\/\/valynison.fr\/wp-content\/uploads\/2025\/11\/les-vibrations-une-langue-universelle-300x300.png 300w, https:\/\/valynison.fr\/wp-content\/uploads\/2025\/11\/les-vibrations-une-langue-universelle-1024x1024.png 1024w, https:\/\/valynison.fr\/wp-content\/uploads\/2025\/11\/les-vibrations-une-langue-universelle-150x150.png 150w, https:\/\/valynison.fr\/wp-content\/uploads\/2025\/11\/les-vibrations-une-langue-universelle-768x768.png 768w\" sizes=\"auto, (max-width: 1080px) 100vw, 1080px\" \/><\/figure>\n\n\n\n<figure class=\"wp-block-image size-large\"><img loading=\"lazy\" decoding=\"async\" width=\"1080\" height=\"1080\" src=\"http:\/\/valynison.fr\/wp-content\/uploads\/2025\/11\/frequence-des-seances-trouver-le-bon-rythme.png?w=1024\" alt=\"\" class=\"wp-image-115\" srcset=\"https:\/\/valynison.fr\/wp-content\/uploads\/2025\/11\/frequence-des-seances-trouver-le-bon-rythme.png 1080w, https:\/\/valynison.fr\/wp-content\/uploads\/2025\/11\/frequence-des-seances-trouver-le-bon-rythme-300x300.png 300w, https:\/\/valynison.fr\/wp-content\/uploads\/2025\/11\/frequence-des-seances-trouver-le-bon-rythme-1024x1024.png 1024w, https:\/\/valynison.fr\/wp-content\/uploads\/2025\/11\/frequence-des-seances-trouver-le-bon-rythme-150x150.png 150w, https:\/\/valynison.fr\/wp-content\/uploads\/2025\/11\/frequence-des-seances-trouver-le-bon-rythme-768x768.png 768w\" sizes=\"auto, (max-width: 1080px) 100vw, 1080px\" \/><\/figure>\n\n\n\n<figure class=\"wp-block-image size-large\"><img loading=\"lazy\" decoding=\"async\" width=\"1080\" height=\"1080\" src=\"http:\/\/valynison.fr\/wp-content\/uploads\/2025\/11\/la-sonotherapie-comme-outil-de-bien-etre-holistique.png?w=1024\" alt=\"\" class=\"wp-image-117\" srcset=\"https:\/\/valynison.fr\/wp-content\/uploads\/2025\/11\/la-sonotherapie-comme-outil-de-bien-etre-holistique.png 1080w, https:\/\/valynison.fr\/wp-content\/uploads\/2025\/11\/la-sonotherapie-comme-outil-de-bien-etre-holistique-300x300.png 300w, https:\/\/valynison.fr\/wp-content\/uploads\/2025\/11\/la-sonotherapie-comme-outil-de-bien-etre-holistique-1024x1024.png 1024w, https:\/\/valynison.fr\/wp-content\/uploads\/2025\/11\/la-sonotherapie-comme-outil-de-bien-etre-holistique-150x150.png 150w, https:\/\/valynison.fr\/wp-content\/uploads\/2025\/11\/la-sonotherapie-comme-outil-de-bien-etre-holistique-768x768.png 768w\" sizes=\"auto, (max-width: 1080px) 100vw, 1080px\" \/><\/figure>\n\n\n\n<figure class=\"wp-block-image size-large\"><img loading=\"lazy\" decoding=\"async\" width=\"1080\" height=\"1080\" src=\"http:\/\/valynison.fr\/wp-content\/uploads\/2025\/11\/la-sonotherapie-une-pratique-pour-tous.png?w=1024\" alt=\"\" class=\"wp-image-119\" srcset=\"https:\/\/valynison.fr\/wp-content\/uploads\/2025\/11\/la-sonotherapie-une-pratique-pour-tous.png 1080w, https:\/\/valynison.fr\/wp-content\/uploads\/2025\/11\/la-sonotherapie-une-pratique-pour-tous-300x300.png 300w, https:\/\/valynison.fr\/wp-content\/uploads\/2025\/11\/la-sonotherapie-une-pratique-pour-tous-1024x1024.png 1024w, https:\/\/valynison.fr\/wp-content\/uploads\/2025\/11\/la-sonotherapie-une-pratique-pour-tous-150x150.png 150w, https:\/\/valynison.fr\/wp-content\/uploads\/2025\/11\/la-sonotherapie-une-pratique-pour-tous-768x768.png 768w\" sizes=\"auto, (max-width: 1080px) 100vw, 1080px\" \/><\/figure>\n\n\n\n<figure class=\"wp-block-image size-large\"><img loading=\"lazy\" decoding=\"async\" width=\"1080\" height=\"1080\" src=\"http:\/\/valynison.fr\/wp-content\/uploads\/2025\/11\/1000085917.png?w=1024\" alt=\"\" class=\"wp-image-121\" srcset=\"https:\/\/valynison.fr\/wp-content\/uploads\/2025\/11\/1000085917.png 1080w, https:\/\/valynison.fr\/wp-content\/uploads\/2025\/11\/1000085917-300x300.png 300w, https:\/\/valynison.fr\/wp-content\/uploads\/2025\/11\/1000085917-1024x1024.png 1024w, https:\/\/valynison.fr\/wp-content\/uploads\/2025\/11\/1000085917-150x150.png 150w, https:\/\/valynison.fr\/wp-content\/uploads\/2025\/11\/1000085917-768x768.png 768w\" sizes=\"auto, (max-width: 1080px) 100vw, 1080px\" \/><\/figure>\n\n\n\n<figure class=\"wp-block-image size-large\"><img loading=\"lazy\" decoding=\"async\" width=\"1080\" height=\"1080\" src=\"http:\/\/valynison.fr\/wp-content\/uploads\/2025\/11\/liberation-des-peurs-et-anxietes-par-la-sonotherapie.png?w=1024\" alt=\"\" class=\"wp-image-124\" srcset=\"https:\/\/valynison.fr\/wp-content\/uploads\/2025\/11\/liberation-des-peurs-et-anxietes-par-la-sonotherapie.png 1080w, https:\/\/valynison.fr\/wp-content\/uploads\/2025\/11\/liberation-des-peurs-et-anxietes-par-la-sonotherapie-300x300.png 300w, https:\/\/valynison.fr\/wp-content\/uploads\/2025\/11\/liberation-des-peurs-et-anxietes-par-la-sonotherapie-1024x1024.png 1024w, https:\/\/valynison.fr\/wp-content\/uploads\/2025\/11\/liberation-des-peurs-et-anxietes-par-la-sonotherapie-150x150.png 150w, https:\/\/valynison.fr\/wp-content\/uploads\/2025\/11\/liberation-des-peurs-et-anxietes-par-la-sonotherapie-768x768.png 768w\" sizes=\"auto, (max-width: 1080px) 100vw, 1080px\" \/><\/figure>\n\n\n\n<figure class=\"wp-block-image size-large\"><img loading=\"lazy\" decoding=\"async\" width=\"1080\" height=\"1080\" src=\"http:\/\/valynison.fr\/wp-content\/uploads\/2025\/11\/1000087401.png?w=1024\" alt=\"\" class=\"wp-image-126\" srcset=\"https:\/\/valynison.fr\/wp-content\/uploads\/2025\/11\/1000087401.png 1080w, https:\/\/valynison.fr\/wp-content\/uploads\/2025\/11\/1000087401-300x300.png 300w, https:\/\/valynison.fr\/wp-content\/uploads\/2025\/11\/1000087401-1024x1024.png 1024w, https:\/\/valynison.fr\/wp-content\/uploads\/2025\/11\/1000087401-150x150.png 150w, https:\/\/valynison.fr\/wp-content\/uploads\/2025\/11\/1000087401-768x768.png 768w\" sizes=\"auto, (max-width: 1080px) 100vw, 1080px\" \/><\/figure>\n","protected":false},"excerpt":{"rendered":"<p>Le mercredi apr\u00e8s-midi et le samedi je serai heureuse de vous apporter un moment de d\u00e9tente physique ET mentale gr\u00e2ce [&hellip;]<\/p>\n","protected":false},"author":2,"featured_media":0,"parent":0,"menu_order":0,"comment_status":"closed","ping_status":"closed","template":"","meta":{"site-sidebar-layout":"default","site-content-layout":"","ast-site-content-layout":"default","site-content-style":"default","site-sidebar-style":"default","ast-global-header-display":"","ast-banner-title-visibility":"","ast-main-header-display":"","ast-hfb-above-header-display":"","ast-hfb-below-header-display":"","ast-hfb-mobile-header-display":"","site-post-title":"","ast-breadcrumbs-content":"","ast-featured-img":"","footer-sml-layout":"","ast-disable-related-posts":"","theme-transparent-header-meta":"","adv-header-id-meta":"","stick-header-meta":"","header-above-stick-meta":"","header-main-stick-meta":"","header-below-stick-meta":"","astra-migrate-meta-layouts":"default","ast-page-background-enabled":"default","ast-page-background-meta":{"desktop":{"background-color":"var(--ast-global-color-5)","background-image":"","background-repeat":"repeat","background-position":"center center","background-size":"auto","background-attachment":"scroll","background-type":"","background-media":"","overlay-type":"","overlay-color":"","overlay-opacity":"","overlay-gradient":""},"tablet":{"background-color":"","background-image":"","background-repeat":"repeat","background-position":"center center","background-size":"auto","background-attachment":"scroll","background-type":"","background-media":"","overlay-type":"","overlay-color":"","overlay-opacity":"","overlay-gradient":""},"mobile":{"background-color":"","background-image":"","background-repeat":"repeat","background-position":"center center","background-size":"auto","background-attachment":"scroll","background-type":"","background-media":"","overlay-type":"","overlay-color":"","overlay-opacity":"","overlay-gradient":""}},"ast-content-background-meta":{"desktop":{"background-color":"var(--ast-global-color-4)","background-image":"","background-repeat":"repeat","background-position":"center center","background-size":"auto","background-attachment":"scroll","background-type":"","background-media":"","overlay-type":"","overlay-color":"","overlay-opacity":"","overlay-gradient":""},"tablet":{"background-color":"var(--ast-global-color-4)","background-image":"","background-repeat":"repeat","background-position":"center center","background-size":"auto","background-attachment":"scroll","background-type":"","background-media":"","overlay-type":"","overlay-color":"","overlay-opacity":"","overlay-gradient":""},"mobile":{"background-color":"var(--ast-global-color-4)","background-image":"","background-repeat":"repeat","background-position":"center center","background-size":"auto","background-attachment":"scroll","background-type":"","background-media":"","overlay-type":"","overlay-color":"","overlay-opacity":"","overlay-gradient":""}},"footnotes":""},"class_list":["post-14","page","type-page","status-publish","hentry"],"yoast_head":"<!-- This site is optimized with the Yoast SEO plugin v27.0 - https:\/\/yoast.com\/product\/yoast-seo-wordpress\/ -->\n<title>- Le bien-\u00eatre par les sons et les vibrations<\/title>\n<meta name=\"robots\" content=\"index, follow, max-snippet:-1, max-image-preview:large, max-video-preview:-1\" \/>\n<link rel=\"canonical\" href=\"http:\/\/valynison.fr\/index.php\/accueil\/\" \/>\n<meta property=\"og:locale\" content=\"fr_FR\" \/>\n<meta property=\"og:type\" content=\"article\" \/>\n<meta property=\"og:title\" content=\"- Le bien-\u00eatre par les sons et les vibrations\" \/>\n<meta property=\"og:description\" content=\"Le mercredi apr\u00e8s-midi et le samedi je serai heureuse de vous apporter un moment de d\u00e9tente physique ET mentale gr\u00e2ce [&hellip;]\" \/>\n<meta property=\"og:url\" content=\"http:\/\/valynison.fr\/index.php\/accueil\/\" \/>\n<meta property=\"og:site_name\" content=\"Le bien-\u00eatre par les sons et les vibrations\" \/>\n<meta property=\"article:publisher\" content=\"https:\/\/www.facebook.com\/profile.php?id=61578975656982\" \/>\n<meta property=\"article:modified_time\" content=\"2026-02-04T16:22:58+00:00\" \/>\n<meta property=\"og:image\" content=\"http:\/\/valynison.fr\/wp-content\/uploads\/2026\/01\/vibrations-sonores-et-relaxation-profonde.png?w=1024\" \/>\n<meta name=\"twitter:card\" content=\"summary_large_image\" \/>\n<script type=\"application\/ld+json\" class=\"yoast-schema-graph\">{\"@context\":\"https:\/\/schema.org\",\"@graph\":[{\"@type\":\"WebPage\",\"@id\":\"http:\/\/valynison.fr\/index.php\/accueil\/\",\"url\":\"http:\/\/valynison.fr\/index.php\/accueil\/\",\"name\":\"- Le bien-\u00eatre par les sons et les vibrations\",\"isPartOf\":{\"@id\":\"https:\/\/valynison.fr\/#website\"},\"primaryImageOfPage\":{\"@id\":\"http:\/\/valynison.fr\/index.php\/accueil\/#primaryimage\"},\"image\":{\"@id\":\"http:\/\/valynison.fr\/index.php\/accueil\/#primaryimage\"},\"thumbnailUrl\":\"http:\/\/valynison.fr\/wp-content\/uploads\/2026\/01\/vibrations-sonores-et-relaxation-profonde.png?w=1024\",\"datePublished\":\"2025-08-02T08:11:14+00:00\",\"dateModified\":\"2026-02-04T16:22:58+00:00\",\"inLanguage\":\"fr-FR\",\"potentialAction\":[{\"@type\":\"ReadAction\",\"target\":[\"http:\/\/valynison.fr\/index.php\/accueil\/\"]}]},{\"@type\":\"ImageObject\",\"inLanguage\":\"fr-FR\",\"@id\":\"http:\/\/valynison.fr\/index.php\/accueil\/#primaryimage\",\"url\":\"https:\/\/valynison.fr\/wp-content\/uploads\/2026\/01\/vibrations-sonores-et-relaxation-profonde.png\",\"contentUrl\":\"https:\/\/valynison.fr\/wp-content\/uploads\/2026\/01\/vibrations-sonores-et-relaxation-profonde.png\",\"width\":1080,\"height\":1080},{\"@type\":\"WebSite\",\"@id\":\"https:\/\/valynison.fr\/#website\",\"url\":\"https:\/\/valynison.fr\/\",\"name\":\"Le bien-\u00eatre par les sons et les vibrations\",\"description\":\"\",\"publisher\":{\"@id\":\"https:\/\/valynison.fr\/#organization\"},\"potentialAction\":[{\"@type\":\"SearchAction\",\"target\":{\"@type\":\"EntryPoint\",\"urlTemplate\":\"https:\/\/valynison.fr\/?s={search_term_string}\"},\"query-input\":{\"@type\":\"PropertyValueSpecification\",\"valueRequired\":true,\"valueName\":\"search_term_string\"}}],\"inLanguage\":\"fr-FR\"},{\"@type\":\"Organization\",\"@id\":\"https:\/\/valynison.fr\/#organization\",\"name\":\"Le bien-\u00eatre par les sons et les vibrations\",\"url\":\"https:\/\/valynison.fr\/\",\"logo\":{\"@type\":\"ImageObject\",\"inLanguage\":\"fr-FR\",\"@id\":\"https:\/\/valynison.fr\/#\/schema\/logo\/image\/\",\"url\":\"https:\/\/valynison.fr\/wp-content\/uploads\/2026\/02\/cropped-logo_fond_vide.png\",\"contentUrl\":\"https:\/\/valynison.fr\/wp-content\/uploads\/2026\/02\/cropped-logo_fond_vide.png\",\"width\":1080,\"height\":886,\"caption\":\"Le bien-\u00eatre par les sons et les vibrations\"},\"image\":{\"@id\":\"https:\/\/valynison.fr\/#\/schema\/logo\/image\/\"},\"sameAs\":[\"https:\/\/www.facebook.com\/profile.php?id=61578975656982\",\"https:\/\/www.instagram.com\/valeriefourniersonotherapie?utm_source=qr&igsh=Z2hoc3lneXo1Nnl5\",\"https:\/\/maps.app.goo.gl\/n7hSH51fCQpCvXjYA\"]}]}<\/script>\n<!-- \/ Yoast SEO plugin. -->","yoast_head_json":{"title":"- Le bien-\u00eatre par les sons et les vibrations","robots":{"index":"index","follow":"follow","max-snippet":"max-snippet:-1","max-image-preview":"max-image-preview:large","max-video-preview":"max-video-preview:-1"},"canonical":"http:\/\/valynison.fr\/index.php\/accueil\/","og_locale":"fr_FR","og_type":"article","og_title":"- Le bien-\u00eatre par les sons et les vibrations","og_description":"Le mercredi apr\u00e8s-midi et le samedi je serai heureuse de vous apporter un moment de d\u00e9tente physique ET mentale gr\u00e2ce [&hellip;]","og_url":"http:\/\/valynison.fr\/index.php\/accueil\/","og_site_name":"Le bien-\u00eatre par les sons et les vibrations","article_publisher":"https:\/\/www.facebook.com\/profile.php?id=61578975656982","article_modified_time":"2026-02-04T16:22:58+00:00","og_image":[{"url":"http:\/\/valynison.fr\/wp-content\/uploads\/2026\/01\/vibrations-sonores-et-relaxation-profonde.png?w=1024","type":"","width":"","height":""}],"twitter_card":"summary_large_image","schema":{"@context":"https:\/\/schema.org","@graph":[{"@type":"WebPage","@id":"http:\/\/valynison.fr\/index.php\/accueil\/","url":"http:\/\/valynison.fr\/index.php\/accueil\/","name":"- Le bien-\u00eatre par les sons et les vibrations","isPartOf":{"@id":"https:\/\/valynison.fr\/#website"},"primaryImageOfPage":{"@id":"http:\/\/valynison.fr\/index.php\/accueil\/#primaryimage"},"image":{"@id":"http:\/\/valynison.fr\/index.php\/accueil\/#primaryimage"},"thumbnailUrl":"http:\/\/valynison.fr\/wp-content\/uploads\/2026\/01\/vibrations-sonores-et-relaxation-profonde.png?w=1024","datePublished":"2025-08-02T08:11:14+00:00","dateModified":"2026-02-04T16:22:58+00:00","inLanguage":"fr-FR","potentialAction":[{"@type":"ReadAction","target":["http:\/\/valynison.fr\/index.php\/accueil\/"]}]},{"@type":"ImageObject","inLanguage":"fr-FR","@id":"http:\/\/valynison.fr\/index.php\/accueil\/#primaryimage","url":"https:\/\/valynison.fr\/wp-content\/uploads\/2026\/01\/vibrations-sonores-et-relaxation-profonde.png","contentUrl":"https:\/\/valynison.fr\/wp-content\/uploads\/2026\/01\/vibrations-sonores-et-relaxation-profonde.png","width":1080,"height":1080},{"@type":"WebSite","@id":"https:\/\/valynison.fr\/#website","url":"https:\/\/valynison.fr\/","name":"Le bien-\u00eatre par les sons et les vibrations","description":"","publisher":{"@id":"https:\/\/valynison.fr\/#organization"},"potentialAction":[{"@type":"SearchAction","target":{"@type":"EntryPoint","urlTemplate":"https:\/\/valynison.fr\/?s={search_term_string}"},"query-input":{"@type":"PropertyValueSpecification","valueRequired":true,"valueName":"search_term_string"}}],"inLanguage":"fr-FR"},{"@type":"Organization","@id":"https:\/\/valynison.fr\/#organization","name":"Le bien-\u00eatre par les sons et les vibrations","url":"https:\/\/valynison.fr\/","logo":{"@type":"ImageObject","inLanguage":"fr-FR","@id":"https:\/\/valynison.fr\/#\/schema\/logo\/image\/","url":"https:\/\/valynison.fr\/wp-content\/uploads\/2026\/02\/cropped-logo_fond_vide.png","contentUrl":"https:\/\/valynison.fr\/wp-content\/uploads\/2026\/02\/cropped-logo_fond_vide.png","width":1080,"height":886,"caption":"Le bien-\u00eatre par les sons et les vibrations"},"image":{"@id":"https:\/\/valynison.fr\/#\/schema\/logo\/image\/"},"sameAs":["https:\/\/www.facebook.com\/profile.php?id=61578975656982","https:\/\/www.instagram.com\/valeriefourniersonotherapie?utm_source=qr&igsh=Z2hoc3lneXo1Nnl5","https:\/\/maps.app.goo.gl\/n7hSH51fCQpCvXjYA"]}]}},"_links":{"self":[{"href":"https:\/\/valynison.fr\/index.php\/wp-json\/wp\/v2\/pages\/14","targetHints":{"allow":["GET"]}}],"collection":[{"href":"https:\/\/valynison.fr\/index.php\/wp-json\/wp\/v2\/pages"}],"about":[{"href":"https:\/\/valynison.fr\/index.php\/wp-json\/wp\/v2\/types\/page"}],"author":[{"embeddable":true,"href":"https:\/\/valynison.fr\/index.php\/wp-json\/wp\/v2\/users\/2"}],"replies":[{"embeddable":true,"href":"https:\/\/valynison.fr\/index.php\/wp-json\/wp\/v2\/comments?post=14"}],"version-history":[{"count":1,"href":"https:\/\/valynison.fr\/index.php\/wp-json\/wp\/v2\/pages\/14\/revisions"}],"predecessor-version":[{"id":147,"href":"https:\/\/valynison.fr\/index.php\/wp-json\/wp\/v2\/pages\/14\/revisions\/147"}],"wp:attachment":[{"href":"https:\/\/valynison.fr\/index.php\/wp-json\/wp\/v2\/media?parent=14"}],"curies":[{"name":"wp","href":"https:\/\/api.w.org\/{rel}","templated":true}]}}