{"id":25,"date":"2025-08-02T10:31:14","date_gmt":"2025-08-02T08:31:14","guid":{"rendered":"https:\/\/valynison.wordpress.com\/?page_id=25"},"modified":"2026-02-11T09:34:26","modified_gmt":"2026-02-11T09:34:26","slug":"quen-dit-la-science","status":"publish","type":"page","link":"https:\/\/valynison.fr\/index.php\/quen-dit-la-science\/","title":{"rendered":"Qu&rsquo;en dit la science?"},"content":{"rendered":"\n<p><\/p>\n\n\n\n<p> D\u00e9couvrez le pouvoir de la sonoth\u00e9rapie et <strong>ses effets sur le corps et l\u2019esprit<\/strong>. De la r\u00e9duction du <strong>stress et de l\u2019anxi\u00e9t\u00e9<\/strong> \u00e0 l\u2019am\u00e9lioration du<strong> sommeil<\/strong> et de la <strong>concentration<\/strong>, explorez les derni\u00e8res recherches scientifiques sur les bienfaits de la Sonoth\u00e9rapie.<\/p>\n\n\n\n<figure class=\"wp-block-embed is-type-wp-embed is-provider-swiss-sound-therapy wp-block-embed-swiss-sound-therapy\"><div class=\"wp-block-embed__wrapper\">\nhttps:\/\/swisssoundtherapy.ch\/articles-sonotherapie\/\n<\/div><\/figure>\n\n\n\n<p><a href=\"https:\/\/www.cihr-irsc.gc.ca\/f\/54392.html?hsid=dc7424e5-c385-4eea-b86b-22b133c72a17&amp;utm_medium=facebook&amp;utm_source=instituts+de+recherche+en+sant%C3%A9+du+canada&amp;fbclid=IwY2xjawMuURBleHRuA2FlbQIxMABicmlkETBjazdMYW1qSm9VWUpoTlZDAR4NpmGcSdPoPr5_QXwqUr9fW-QXa8sRLbwnLg0Y3vQnMPR4U9-yHgbyt53YFA_aem_9gT8bm83aJWmoMIGQUiFsQ\" target=\"_blank\" rel=\"noreferrer noopener\">Institut en recherches du Canada : Soulager la douleur<\/a><\/p>\n\n\n\n<p><\/p>\n","protected":false},"excerpt":{"rendered":"<p>D\u00e9couvrez le pouvoir de la sonoth\u00e9rapie et ses effets sur le corps et l\u2019esprit. De la r\u00e9duction du stress et [&hellip;]<\/p>\n","protected":false},"author":2,"featured_media":0,"parent":0,"menu_order":2,"comment_status":"closed","ping_status":"closed","template":"","meta":{"site-sidebar-layout":"default","site-content-layout":"","ast-site-content-layout":"default","site-content-style":"default","site-sidebar-style":"default","ast-global-header-display":"","ast-banner-title-visibility":"","ast-main-header-display":"","ast-hfb-above-header-display":"","ast-hfb-below-header-display":"","ast-hfb-mobile-header-display":"","site-post-title":"","ast-breadcrumbs-content":"","ast-featured-img":"","footer-sml-layout":"","ast-disable-related-posts":"","theme-transparent-header-meta":"","adv-header-id-meta":"","stick-header-meta":"","header-above-stick-meta":"","header-main-stick-meta":"","header-below-stick-meta":"","astra-migrate-meta-layouts":"default","ast-page-background-enabled":"default","ast-page-background-meta":{"desktop":{"background-color":"var(--ast-global-color-5)","background-image":"","background-repeat":"repeat","background-position":"center center","background-size":"auto","background-attachment":"scroll","background-type":"","background-media":"","overlay-type":"","overlay-color":"","overlay-opacity":"","overlay-gradient":""},"tablet":{"background-color":"","background-image":"","background-repeat":"repeat","background-position":"center center","background-size":"auto","background-attachment":"scroll","background-type":"","background-media":"","overlay-type":"","overlay-color":"","overlay-opacity":"","overlay-gradient":""},"mobile":{"background-color":"","background-image":"","background-repeat":"repeat","background-position":"center center","background-size":"auto","background-attachment":"scroll","background-type":"","background-media":"","overlay-type":"","overlay-color":"","overlay-opacity":"","overlay-gradient":""}},"ast-content-background-meta":{"desktop":{"background-color":"var(--ast-global-color-4)","background-image":"","background-repeat":"repeat","background-position":"center center","background-size":"auto","background-attachment":"scroll","background-type":"","background-media":"","overlay-type":"","overlay-color":"","overlay-opacity":"","overlay-gradient":""},"tablet":{"background-color":"var(--ast-global-color-4)","background-image":"","background-repeat":"repeat","background-position":"center center","background-size":"auto","background-attachment":"scroll","background-type":"","background-media":"","overlay-type":"","overlay-color":"","overlay-opacity":"","overlay-gradient":""},"mobile":{"background-color":"var(--ast-global-color-4)","background-image":"","background-repeat":"repeat","background-position":"center center","background-size":"auto","background-attachment":"scroll","background-type":"","background-media":"","overlay-type":"","overlay-color":"","overlay-opacity":"","overlay-gradient":""}},"footnotes":""},"class_list":["post-25","page","type-page","status-publish","hentry"],"yoast_head":"<!-- This site is optimized with the Yoast SEO plugin v27.0 - https:\/\/yoast.com\/product\/yoast-seo-wordpress\/ -->\n<title>Qu&#039;en dit la science? - Le bien-\u00eatre par les sons et les vibrations<\/title>\n<meta name=\"robots\" content=\"index, follow, max-snippet:-1, max-image-preview:large, max-video-preview:-1\" \/>\n<link rel=\"canonical\" href=\"http:\/\/valynison.fr\/index.php\/quen-dit-la-science\/\" \/>\n<meta property=\"og:locale\" content=\"fr_FR\" \/>\n<meta property=\"og:type\" content=\"article\" \/>\n<meta property=\"og:title\" content=\"Qu&#039;en dit la science? - Le bien-\u00eatre par les sons et les vibrations\" \/>\n<meta property=\"og:description\" content=\"D\u00e9couvrez le pouvoir de la sonoth\u00e9rapie et ses effets sur le corps et l\u2019esprit. De la r\u00e9duction du stress et [&hellip;]\" \/>\n<meta property=\"og:url\" content=\"http:\/\/valynison.fr\/index.php\/quen-dit-la-science\/\" \/>\n<meta property=\"og:site_name\" content=\"Le bien-\u00eatre par les sons et les vibrations\" \/>\n<meta property=\"article:publisher\" content=\"https:\/\/www.facebook.com\/profile.php?id=61578975656982\" \/>\n<meta property=\"article:modified_time\" content=\"2026-02-11T09:34:26+00:00\" \/>\n<meta name=\"twitter:card\" content=\"summary_large_image\" \/>\n<script type=\"application\/ld+json\" class=\"yoast-schema-graph\">{\"@context\":\"https:\/\/schema.org\",\"@graph\":[{\"@type\":\"WebPage\",\"@id\":\"http:\/\/valynison.fr\/index.php\/quen-dit-la-science\/\",\"url\":\"http:\/\/valynison.fr\/index.php\/quen-dit-la-science\/\",\"name\":\"Qu'en dit la science? - Le bien-\u00eatre par les sons et les vibrations\",\"isPartOf\":{\"@id\":\"https:\/\/valynison.fr\/#website\"},\"datePublished\":\"2025-08-02T08:31:14+00:00\",\"dateModified\":\"2026-02-11T09:34:26+00:00\",\"breadcrumb\":{\"@id\":\"http:\/\/valynison.fr\/index.php\/quen-dit-la-science\/#breadcrumb\"},\"inLanguage\":\"fr-FR\",\"potentialAction\":[{\"@type\":\"ReadAction\",\"target\":[\"http:\/\/valynison.fr\/index.php\/quen-dit-la-science\/\"]}]},{\"@type\":\"BreadcrumbList\",\"@id\":\"http:\/\/valynison.fr\/index.php\/quen-dit-la-science\/#breadcrumb\",\"itemListElement\":[{\"@type\":\"ListItem\",\"position\":1,\"name\":\"Accueil\",\"item\":\"https:\/\/valynison.fr\/\"},{\"@type\":\"ListItem\",\"position\":2,\"name\":\"Qu&rsquo;en dit la science?\"}]},{\"@type\":\"WebSite\",\"@id\":\"https:\/\/valynison.fr\/#website\",\"url\":\"https:\/\/valynison.fr\/\",\"name\":\"Le bien-\u00eatre par les sons et les vibrations\",\"description\":\"\",\"publisher\":{\"@id\":\"https:\/\/valynison.fr\/#organization\"},\"potentialAction\":[{\"@type\":\"SearchAction\",\"target\":{\"@type\":\"EntryPoint\",\"urlTemplate\":\"https:\/\/valynison.fr\/?s={search_term_string}\"},\"query-input\":{\"@type\":\"PropertyValueSpecification\",\"valueRequired\":true,\"valueName\":\"search_term_string\"}}],\"inLanguage\":\"fr-FR\"},{\"@type\":\"Organization\",\"@id\":\"https:\/\/valynison.fr\/#organization\",\"name\":\"Le bien-\u00eatre par les sons et les vibrations\",\"url\":\"https:\/\/valynison.fr\/\",\"logo\":{\"@type\":\"ImageObject\",\"inLanguage\":\"fr-FR\",\"@id\":\"https:\/\/valynison.fr\/#\/schema\/logo\/image\/\",\"url\":\"https:\/\/valynison.fr\/wp-content\/uploads\/2026\/02\/cropped-logo_fond_vide.png\",\"contentUrl\":\"https:\/\/valynison.fr\/wp-content\/uploads\/2026\/02\/cropped-logo_fond_vide.png\",\"width\":1080,\"height\":886,\"caption\":\"Le bien-\u00eatre par les sons et les vibrations\"},\"image\":{\"@id\":\"https:\/\/valynison.fr\/#\/schema\/logo\/image\/\"},\"sameAs\":[\"https:\/\/www.facebook.com\/profile.php?id=61578975656982\",\"https:\/\/www.instagram.com\/valeriefourniersonotherapie?utm_source=qr&igsh=Z2hoc3lneXo1Nnl5\",\"https:\/\/maps.app.goo.gl\/n7hSH51fCQpCvXjYA\"]}]}<\/script>\n<!-- \/ Yoast SEO plugin. -->","yoast_head_json":{"title":"Qu'en dit la science? - Le bien-\u00eatre par les sons et les vibrations","robots":{"index":"index","follow":"follow","max-snippet":"max-snippet:-1","max-image-preview":"max-image-preview:large","max-video-preview":"max-video-preview:-1"},"canonical":"http:\/\/valynison.fr\/index.php\/quen-dit-la-science\/","og_locale":"fr_FR","og_type":"article","og_title":"Qu'en dit la science? - Le bien-\u00eatre par les sons et les vibrations","og_description":"D\u00e9couvrez le pouvoir de la sonoth\u00e9rapie et ses effets sur le corps et l\u2019esprit. De la r\u00e9duction du stress et [&hellip;]","og_url":"http:\/\/valynison.fr\/index.php\/quen-dit-la-science\/","og_site_name":"Le bien-\u00eatre par les sons et les vibrations","article_publisher":"https:\/\/www.facebook.com\/profile.php?id=61578975656982","article_modified_time":"2026-02-11T09:34:26+00:00","twitter_card":"summary_large_image","schema":{"@context":"https:\/\/schema.org","@graph":[{"@type":"WebPage","@id":"http:\/\/valynison.fr\/index.php\/quen-dit-la-science\/","url":"http:\/\/valynison.fr\/index.php\/quen-dit-la-science\/","name":"Qu'en dit la science? - Le bien-\u00eatre par les sons et les vibrations","isPartOf":{"@id":"https:\/\/valynison.fr\/#website"},"datePublished":"2025-08-02T08:31:14+00:00","dateModified":"2026-02-11T09:34:26+00:00","breadcrumb":{"@id":"http:\/\/valynison.fr\/index.php\/quen-dit-la-science\/#breadcrumb"},"inLanguage":"fr-FR","potentialAction":[{"@type":"ReadAction","target":["http:\/\/valynison.fr\/index.php\/quen-dit-la-science\/"]}]},{"@type":"BreadcrumbList","@id":"http:\/\/valynison.fr\/index.php\/quen-dit-la-science\/#breadcrumb","itemListElement":[{"@type":"ListItem","position":1,"name":"Accueil","item":"https:\/\/valynison.fr\/"},{"@type":"ListItem","position":2,"name":"Qu&rsquo;en dit la science?"}]},{"@type":"WebSite","@id":"https:\/\/valynison.fr\/#website","url":"https:\/\/valynison.fr\/","name":"Le bien-\u00eatre par les sons et les vibrations","description":"","publisher":{"@id":"https:\/\/valynison.fr\/#organization"},"potentialAction":[{"@type":"SearchAction","target":{"@type":"EntryPoint","urlTemplate":"https:\/\/valynison.fr\/?s={search_term_string}"},"query-input":{"@type":"PropertyValueSpecification","valueRequired":true,"valueName":"search_term_string"}}],"inLanguage":"fr-FR"},{"@type":"Organization","@id":"https:\/\/valynison.fr\/#organization","name":"Le bien-\u00eatre par les sons et les vibrations","url":"https:\/\/valynison.fr\/","logo":{"@type":"ImageObject","inLanguage":"fr-FR","@id":"https:\/\/valynison.fr\/#\/schema\/logo\/image\/","url":"https:\/\/valynison.fr\/wp-content\/uploads\/2026\/02\/cropped-logo_fond_vide.png","contentUrl":"https:\/\/valynison.fr\/wp-content\/uploads\/2026\/02\/cropped-logo_fond_vide.png","width":1080,"height":886,"caption":"Le bien-\u00eatre par les sons et les vibrations"},"image":{"@id":"https:\/\/valynison.fr\/#\/schema\/logo\/image\/"},"sameAs":["https:\/\/www.facebook.com\/profile.php?id=61578975656982","https:\/\/www.instagram.com\/valeriefourniersonotherapie?utm_source=qr&igsh=Z2hoc3lneXo1Nnl5","https:\/\/maps.app.goo.gl\/n7hSH51fCQpCvXjYA"]}]}},"_links":{"self":[{"href":"https:\/\/valynison.fr\/index.php\/wp-json\/wp\/v2\/pages\/25","targetHints":{"allow":["GET"]}}],"collection":[{"href":"https:\/\/valynison.fr\/index.php\/wp-json\/wp\/v2\/pages"}],"about":[{"href":"https:\/\/valynison.fr\/index.php\/wp-json\/wp\/v2\/types\/page"}],"author":[{"embeddable":true,"href":"https:\/\/valynison.fr\/index.php\/wp-json\/wp\/v2\/users\/2"}],"replies":[{"embeddable":true,"href":"https:\/\/valynison.fr\/index.php\/wp-json\/wp\/v2\/comments?post=25"}],"version-history":[{"count":3,"href":"https:\/\/valynison.fr\/index.php\/wp-json\/wp\/v2\/pages\/25\/revisions"}],"predecessor-version":[{"id":194,"href":"https:\/\/valynison.fr\/index.php\/wp-json\/wp\/v2\/pages\/25\/revisions\/194"}],"wp:attachment":[{"href":"https:\/\/valynison.fr\/index.php\/wp-json\/wp\/v2\/media?parent=25"}],"curies":[{"name":"wp","href":"https:\/\/api.w.org\/{rel}","templated":true}]}}